{"id":25,"date":"2023-08-31T11:23:46","date_gmt":"2023-08-31T14:23:46","guid":{"rendered":"https:\/\/iefe.ufal.br\/laboratorio\/lapebios\/?page_id=25"},"modified":"2025-02-24T19:25:40","modified_gmt":"2025-02-24T22:25:40","slug":"sobre-nos","status":"publish","type":"page","link":"https:\/\/iefe.ufal.br\/laboratorio\/lapebios\/sobre-nos\/","title":{"rendered":"Sobre N\u00f3s"},"content":{"rendered":"\n<p>O Laborat\u00f3rio de Pesquisa em Biodin\u00e2mica do Desempenho Humano e Sa\u00fade (LAPEBIOS) \u00e9 localizado no Instituto de Educa\u00e7\u00e3o F\u00edsica e Esporte (IEFE) da Universidade Federal de Alagoas (UFAL). O LAPEBIOS \u00e9 o espa\u00e7o f\u00edsico do grupo de pesquisa hom\u00f4nimo cadastrado no <a href=\"http:\/\/dgp.cnpq.br\/dgp\/espelhogrupo\/1844751740675340\" title=\"\">CNPq<\/a> e desenvolve estudos nas seguintes linhas de pesquisa: <\/p>\n\n\n\n<p>1) Atividade F\u00edsica na promo\u00e7\u00e3o de sa\u00fade preven\u00e7\u00e3o de doen\u00e7as;<\/p>\n\n\n\n<p> 2) Inova\u00e7\u00e3o em ci\u00eancia e tecnologia na avalia\u00e7\u00e3o em biodin\u00e2mica do desempenho humano e sa\u00fade; <\/p>\n\n\n\n<p>3) Interrela\u00e7\u00e3o entre biodin\u00e2mica do desempenho humano e sa\u00fade. Atualmente, tem como l\u00edderes os professores Dr. Luiz Rodrigo Augustemak de Lima e Dra. Enaiane Cristina Menezes que tem orientando acad\u00eamicos de gradua\u00e7\u00e3o e p\u00f3s-gradua\u00e7\u00e3o.<\/p>\n\n\n\n<p>Criado no ano de 2019, O LAPEBIOS possui equipamentos para medidas antropom\u00e9tricas (02 estadi\u00f4metros, 03 balan\u00e7as, 03 fitas antropom\u00e9tricas e 03 plicometros) e da composi\u00e7\u00e3o corporal (01 bioimped\u00e2ncia el\u00e9trica), instrumentos de medida da atividade f\u00edsica (07 rastreadores de atividade, 01 smartphone e 02 ped\u00f4metros, 01 c\u00e2mera, 01 contador manual), erg\u00f4metros para testes cardiopulmonares (02 bicicletas ergom\u00e9tricas, 03 bancos de madeira) e de for\u00e7a muscular (03 dinam\u00f4metros de preens\u00e3o manual 01 dinam\u00f4metro escapular), al\u00e9m de instrumentos de medidas hemodin\u00e2micas (03 fitas de frequ\u00eancia card\u00edaca e 03 equipamentos autom\u00e1ticos de medida da press\u00e3o arterial). Conta com equipamento de ultrassonografia com probe linear para avalia\u00e7\u00e3o de \u00e1rea muscular e sa\u00fade das car\u00f3tidas, e probe convexo para avalia\u00e7\u00e3o de \u00f3rg\u00e3os em cavidade abdominal, em espa\u00e7o escurecido e reservado, com maca e biombo dispon\u00edveis. Estes procedimentos s\u00e3o realizados num espa\u00e7o f\u00edsico climatizado, com acesso \u00e0 internet, de 104 m2 de \u00e1rea, localizado no Est\u00e1dio Universit\u00e1rio, do Instituto de Educa\u00e7\u00e3o F\u00edsica e Esporte da Ufal.<\/p>\n\n\n\n<figure class=\"wp-block-image aligncenter size-full is-resized\"><img loading=\"lazy\" decoding=\"async\" width=\"567\" height=\"424\" src=\"https:\/\/iefe.ufal.br\/laboratorio\/lapebios\/wp-content\/uploads\/caafs1.png\" alt=\"\" class=\"wp-image-50\" style=\"width:567px;height:auto\" srcset=\"https:\/\/iefe.ufal.br\/laboratorio\/lapebios\/wp-content\/uploads\/caafs1.png 567w, https:\/\/iefe.ufal.br\/laboratorio\/lapebios\/wp-content\/uploads\/caafs1-300x224.png 300w\" sizes=\"auto, (max-width: 567px) 100vw, 567px\" \/><figcaption class=\"wp-element-caption\">Avalia\u00e7\u00e3o F\u00edsica do <a href=\"https:\/\/iefe.ufal.br\/laboratorio\/lapebios\/category\/caafs\/\" title=\"CAAFS\">CAAFS<\/a> acontecendo no laborat\u00f3rio.<\/figcaption><\/figure>\n\n\n\n<figure class=\"wp-block-image aligncenter size-large is-resized\"><img loading=\"lazy\" decoding=\"async\" width=\"1024\" height=\"576\" src=\"https:\/\/iefe.ufal.br\/laboratorio\/lapebios\/wp-content\/uploads\/foto_lab-1024x576.jpg\" alt=\"\" class=\"wp-image-172\" style=\"width:570px;height:auto\" srcset=\"https:\/\/iefe.ufal.br\/laboratorio\/lapebios\/wp-content\/uploads\/foto_lab-1024x576.jpg 1024w, https:\/\/iefe.ufal.br\/laboratorio\/lapebios\/wp-content\/uploads\/foto_lab-300x169.jpg 300w, https:\/\/iefe.ufal.br\/laboratorio\/lapebios\/wp-content\/uploads\/foto_lab-768x432.jpg 768w, https:\/\/iefe.ufal.br\/laboratorio\/lapebios\/wp-content\/uploads\/foto_lab-1536x864.jpg 1536w, https:\/\/iefe.ufal.br\/laboratorio\/lapebios\/wp-content\/uploads\/foto_lab-2048x1152.jpg 2048w\" sizes=\"auto, (max-width: 1024px) 100vw, 1024px\" \/><figcaption class=\"wp-element-caption\">Ampla vista do laborat\u00f3rio, o mobili\u00e1rio est\u00e1 disposto formando dois corredores separados por duas mesas de reuni\u00e3o e um banco tipo escada para o <a href=\"https:\/\/iefe.ufal.br\/laboratorio\/lapebios\/metodos\/\" title=\"M\u00e9todos\">mCAFT<\/a>.<\/figcaption><\/figure>\n\n\n\n<h2 class=\"wp-block-heading\">Recursos Humanos<\/h2>\n\n\n\n<p><strong>Pesquisadores<\/strong><\/p>\n\n\n\n<ul class=\"wp-block-list\">\n<li>Prof. Dr. Braulio Cesar de Alcantara Mendon\u00e7a<\/li>\n\n\n\n<li>Prof. Dr. Diego Augusto Santos Silva<\/li>\n\n\n\n<li>Profa. Dra. Enaiane Cristina Menezes<\/li>\n\n\n\n<li>Prof. Dr. Gerfeson Mendon\u00e7a<\/li>\n\n\n\n<li>Prof. Dr. Guilherme Fleury Fina Speretta<\/li>\n\n\n\n<li>Prof. Dr. Luiz Rodrigo Augustemak de Lima<\/li>\n\n\n\n<li>Profa. Dra. Maria do Socorro Meneses Dantas<\/li>\n\n\n\n<li>Profa. Dra. Maria Izabel Siqueira de Andrade<\/li>\n\n\n\n<li>Profa. Dra. Nat\u00e1lia de Almeida Rodrigues<\/li>\n\n\n\n<li>Prof. Dr. Thiago Ricardo dos Santos Ten\u00f3rio<br><\/li>\n<\/ul>\n\n\n\n<p>Alunos de Mestrado e Doutorado <\/p>\n\n\n\n<ul class=\"wp-block-list\">\n<li>Andrezza Queiroz Amaral Mestrado<\/li>\n\n\n\n<li>Caio C\u00e9sar da Silva Moura Santos Mestrado<\/li>\n\n\n\n<li>Hugo Vinicius Rocha Mestrado<\/li>\n\n\n\n<li>Marcilene Glay Viana Pessoa Doutorado<\/li>\n\n\n\n<li>Marylia Santos Pereira Mestrado<\/li>\n\n\n\n<li>Rubens Vasco Marinho Mestrado<\/li>\n\n\n\n<li>Tales Luiz dos Santos Gomes Mestrado<\/li>\n\n\n\n<li>Victor Gustavo Ferreira Santos Doutorado<\/li>\n<\/ul>\n\n\n\n<p><strong>Alunos de Gradua\u00e7\u00e3o, Inicia\u00e7\u00e3o Cient\u00edfica e Tecnol\u00f3gica<\/strong><\/p>\n\n\n\n<ul class=\"wp-block-list\">\n<li> Antonio Francisco de Assis Neto &#8211; Gradua\u00e7\u00e3o<\/li>\n\n\n\n<li>Arthur Candido Regueira de Miranda &#8211; Inicia\u00e7\u00e3o Cient\u00edfica<\/li>\n\n\n\n<li>Fl\u00e1vio Galv\u00e3o Torres de Albuquerque &#8211; Inicia\u00e7\u00e3o Cient\u00edfica<\/li>\n\n\n\n<li>Homero Domingos Ferreira &#8211; Gradua\u00e7\u00e3o<\/li>\n\n\n\n<li>Jos\u00e9 Ivan da Silva &#8211; Gradua\u00e7\u00e3o<\/li>\n\n\n\n<li>Kelly Christiane da Silva &#8211; Gradua\u00e7\u00e3o<\/li>\n\n\n\n<li>Lucas dos Santos Ferreira &#8211; Gradua\u00e7\u00e3o<\/li>\n\n\n\n<li>Raphael Henrique Silva Ara\u00fajo &#8211; Gradua\u00e7\u00e3o<\/li>\n\n\n\n<li>Vicente de Paulo Silva Moreira &#8211; Gradua\u00e7\u00e3o<\/li>\n\n\n\n<li>Victor Hugo dos Anjos Santos &#8211; Gradua\u00e7\u00e3o<\/li>\n\n\n\n<li>Adrielly Suely Santos Pereira &#8211; Gradua\u00e7\u00e3o<\/li>\n<\/ul>\n\n\n\n<p><strong>Alunos Egressos<\/strong><\/p>\n\n\n\n<ul class=\"wp-block-list\">\n<li>Amaro Wellington da Silva<\/li>\n\n\n\n<li>Marcos Cezar Pitombo da Silva Junior<\/li>\n\n\n\n<li>Maria Eduarda de Carvalho Mac\u00e1rio da Silva<\/li>\n\n\n\n<li>Marilande Vit\u00f3ria Dias Rap\u00f4so<\/li>\n\n\n\n<li>Ana Carla Porciuncula Cavalcante<\/li>\n\n\n\n<li>Eliziane Batista dos Santos<\/li>\n\n\n\n<li>Thais Evelin Marques da Silva<\/li>\n\n\n\n<li>Yago Silva Mascarenhas<\/li>\n\n\n\n<li>Zaqueu Jh\u00f4nathas Santos da Silva<\/li>\n<\/ul>\n","protected":false},"excerpt":{"rendered":"<p>O Laborat\u00f3rio de Pesquisa em Biodin\u00e2mica do Desempenho Humano e Sa\u00fade (LAPEBIOS) \u00e9 localizado no Instituto de Educa\u00e7\u00e3o F\u00edsica e Esporte (IEFE) da Universidade Federal de Alagoas (UFAL). O LAPEBIOS \u00e9 o espa\u00e7o f\u00edsico do grupo de pesquisa hom\u00f4nimo cadastrado no CNPq e desenvolve estudos nas seguintes linhas de pesquisa: 1) Atividade F\u00edsica na promo\u00e7\u00e3o [&hellip;]<\/p>\n","protected":false},"author":1,"featured_media":0,"parent":0,"menu_order":0,"comment_status":"closed","ping_status":"closed","template":"","meta":{"om_disable_all_campaigns":false,"_monsterinsights_skip_tracking":false,"_monsterinsights_sitenote_active":false,"_monsterinsights_sitenote_note":"","_monsterinsights_sitenote_category":0,"footnotes":""},"class_list":["post-25","page","type-page","status-publish","hentry"],"aioseo_notices":[],"_links":{"self":[{"href":"https:\/\/iefe.ufal.br\/laboratorio\/lapebios\/wp-json\/wp\/v2\/pages\/25","targetHints":{"allow":["GET"]}}],"collection":[{"href":"https:\/\/iefe.ufal.br\/laboratorio\/lapebios\/wp-json\/wp\/v2\/pages"}],"about":[{"href":"https:\/\/iefe.ufal.br\/laboratorio\/lapebios\/wp-json\/wp\/v2\/types\/page"}],"author":[{"embeddable":true,"href":"https:\/\/iefe.ufal.br\/laboratorio\/lapebios\/wp-json\/wp\/v2\/users\/1"}],"replies":[{"embeddable":true,"href":"https:\/\/iefe.ufal.br\/laboratorio\/lapebios\/wp-json\/wp\/v2\/comments?post=25"}],"version-history":[{"count":6,"href":"https:\/\/iefe.ufal.br\/laboratorio\/lapebios\/wp-json\/wp\/v2\/pages\/25\/revisions"}],"predecessor-version":[{"id":311,"href":"https:\/\/iefe.ufal.br\/laboratorio\/lapebios\/wp-json\/wp\/v2\/pages\/25\/revisions\/311"}],"wp:attachment":[{"href":"https:\/\/iefe.ufal.br\/laboratorio\/lapebios\/wp-json\/wp\/v2\/media?parent=25"}],"curies":[{"name":"wp","href":"https:\/\/api.w.org\/{rel}","templated":true}]}}