{"id":27,"date":"2023-08-31T11:27:43","date_gmt":"2023-08-31T14:27:43","guid":{"rendered":"https:\/\/iefe.ufal.br\/laboratorio\/lapebios\/?page_id=27"},"modified":"2024-10-14T17:52:45","modified_gmt":"2024-10-14T20:52:45","slug":"pesquisa","status":"publish","type":"page","link":"https:\/\/iefe.ufal.br\/laboratorio\/lapebios\/pesquisa\/","title":{"rendered":"Pesquisa"},"content":{"rendered":"\n<p>Nessa p\u00e1gina organizamos todos os projetos de pesquisa desenvolvidas por nosso grupo, est\u00e3o calissificadas em &#8220;Em andamento&#8221; ou em &#8220;Conclu\u00eddas&#8221;, a expectativa \u00e9 que elas originem artigos cient\u00edficos e trabalhos acad\u00eamicos, e enfim influenciem a elabora\u00e7\u00e3o de pol\u00edticas p\u00fablicas que beneficiem as popula\u00e7\u00f5es estudadas.<\/p>\n\n\n\n<h2 class=\"wp-block-heading\">Em Andamento<\/h2>\n\n\n\n<div class=\"wp-block-columns is-layout-flex wp-container-core-columns-is-layout-28f84493 wp-block-columns-is-layout-flex\">\n<div class=\"wp-block-column is-layout-flow wp-block-column-is-layout-flow\" style=\"flex-basis:33.33%\">\n<figure class=\"wp-block-image size-full\"><img loading=\"lazy\" decoding=\"async\" width=\"828\" height=\"1462\" src=\"https:\/\/iefe.ufal.br\/laboratorio\/lapebios\/wp-content\/uploads\/foto_exemploo-2.jpeg\" alt=\"\" class=\"wp-image-189\" srcset=\"https:\/\/iefe.ufal.br\/laboratorio\/lapebios\/wp-content\/uploads\/foto_exemploo-2.jpeg 828w, https:\/\/iefe.ufal.br\/laboratorio\/lapebios\/wp-content\/uploads\/foto_exemploo-2-170x300.jpeg 170w, https:\/\/iefe.ufal.br\/laboratorio\/lapebios\/wp-content\/uploads\/foto_exemploo-2-580x1024.jpeg 580w, https:\/\/iefe.ufal.br\/laboratorio\/lapebios\/wp-content\/uploads\/foto_exemploo-2-768x1356.jpeg 768w\" sizes=\"auto, (max-width: 828px) 100vw, 828px\" \/><\/figure>\n<\/div>\n\n\n\n<div class=\"wp-block-column is-layout-flow wp-block-column-is-layout-flow\">\n<h2 class=\"wp-block-heading\">Estudo &#8220;\u00c9 MASSA!!&#8221;<\/h2>\n\n\n\n<p>O estudo tem por objetivo validar o aplicativo m\u00f3vel para smartphone &#8220;\u00c9 MASSA!&#8221;, que se prop\u00f5e a servir como instrumento para avaliar a atividade f\u00edsica e adolescentes em contexto laboratorial e de vida livre, o aplicativo utiliza dos sensores internos do smartphone para estimar a quantidade de passos e o gasto energ\u00e9tico, a valida\u00e7\u00e3o em laborat\u00f3rio est\u00e1 sendo feita em um protocolo incremental em esteira, que simula caminhadas em esteira, o participante utiliza equipamentos \u201cpadr\u00e3o ouro\u201d que fornecem medidas iguais para verificar a qualidade das medidas, como um aceler\u00f4metro validado (ActGraph WGTX3+) e um analisador de Mistura de Gases (QUARK PFT 2008).<\/p>\n\n\n\n<p>Para mais informa\u00e7\u00f5es, visite a p\u00e1gina do projeto em <a href=\"https:\/\/iefe.ufal.br\/laboratorio\/lapebios\/pesquisa\/concordancia\/\" title=\"&quot;Atividade F\u00edsica \u00c9 Massa!&quot;\">&#8220;Atividade F\u00edsica \u00c9 Massa!&#8221;<\/a><\/p>\n\n\n\n<p><\/p>\n<\/div>\n<\/div>\n\n\n\n<div class=\"wp-block-columns is-layout-flex wp-container-core-columns-is-layout-28f84493 wp-block-columns-is-layout-flex\">\n<div class=\"wp-block-column is-layout-flow wp-block-column-is-layout-flow\" style=\"flex-basis:33.33%\">\n<figure class=\"wp-block-image size-large is-resized\"><img loading=\"lazy\" decoding=\"async\" width=\"554\" height=\"830\" src=\"https:\/\/iefe.ufal.br\/laboratorio\/lapebios\/wp-content\/uploads\/image-1-edited.png\" alt=\"\" class=\"wp-image-250\" style=\"width:276px;height:auto\" srcset=\"https:\/\/iefe.ufal.br\/laboratorio\/lapebios\/wp-content\/uploads\/image-1-edited.png 554w, https:\/\/iefe.ufal.br\/laboratorio\/lapebios\/wp-content\/uploads\/image-1-edited-200x300.png 200w\" sizes=\"auto, (max-width: 554px) 100vw, 554px\" \/><\/figure>\n<\/div>\n\n\n\n<div class=\"wp-block-column is-layout-flow wp-block-column-is-layout-flow\" style=\"flex-basis:66.66%\">\n<h2 class=\"wp-block-heading\">Estudo &#8220;Cardiopatias Cong\u00eanitas&#8221;<\/h2>\n\n\n\n<p>O estudo tem como intuito avaliar o estilo de vida, a aptid\u00e3o f\u00edsica e o risco de problemas card\u00edacos e metab\u00f3licos em adolescentes com cardiopatia cong\u00eanita atendidos no ambulat\u00f3rio da Casa do Cora\u00e7\u00e3ozinho em Macei\u00f3, centro de refer\u00eancia no estado de Alagoas. O objetivo \u00e9 identificar a frequ\u00eancia de comportamentos prejudiciais \u00e0 sa\u00fade, como baixa atividade f\u00edsica, n\u00edvel de sedentarismo, tempo de tela, al\u00e9m de avaliar a composi\u00e7\u00e3o corporal e aptid\u00f5es neuromusculares dos mesmos. E como esses fatores se relacionam com a doen\u00e7a de base. A pesquisa inclui adolescentes entre 10 e 18 anos atendidos entre setembro de 2023 e dezembro de 2024.<\/p>\n<\/div>\n<\/div>\n\n\n\n<h2 class=\"wp-block-heading\">Conclu\u00eddas<\/h2>\n\n\n\n<div class=\"wp-block-columns is-layout-flex wp-container-core-columns-is-layout-28f84493 wp-block-columns-is-layout-flex\">\n<div class=\"wp-block-column is-layout-flow wp-block-column-is-layout-flow\" style=\"flex-basis:33.33%\">\n<figure class=\"wp-block-image size-full is-resized\"><img loading=\"lazy\" decoding=\"async\" width=\"750\" height=\"1333\" src=\"https:\/\/iefe.ufal.br\/laboratorio\/lapebios\/wp-content\/uploads\/WhatsApp-Image-2024-08-15-at-14.53.05-edited.jpeg\" alt=\"\" class=\"wp-image-298\" style=\"width:268px;height:auto\" srcset=\"https:\/\/iefe.ufal.br\/laboratorio\/lapebios\/wp-content\/uploads\/WhatsApp-Image-2024-08-15-at-14.53.05-edited.jpeg 750w, https:\/\/iefe.ufal.br\/laboratorio\/lapebios\/wp-content\/uploads\/WhatsApp-Image-2024-08-15-at-14.53.05-edited-169x300.jpeg 169w, https:\/\/iefe.ufal.br\/laboratorio\/lapebios\/wp-content\/uploads\/WhatsApp-Image-2024-08-15-at-14.53.05-edited-576x1024.jpeg 576w\" sizes=\"auto, (max-width: 750px) 100vw, 750px\" \/><\/figure>\n<\/div>\n\n\n\n<div class=\"wp-block-column is-layout-flow wp-block-column-is-layout-flow\" style=\"flex-basis:66.66%\">\n<h2 class=\"wp-block-heading\"><strong>Diagn\u00f3stico Alagoano sobre Sa\u00fade, Nutri\u00e7\u00e3o e Qualidade de Vida da Pessoa Idosa<\/strong><\/h2>\n\n\n\n<p>\u00a0O projeto teve como objetivo geral avaliar as condi\u00e7\u00f5es de sa\u00fade (aus\u00eancia\/presen\u00e7a de doen\u00e7as cr\u00f4nicas n\u00e3o transmiss\u00edveis, estado nutricional, capacidade cognitiva e funcional, grau de fragilidade, sintomas de depress\u00e3o) e qualidade de vida, bem como quantificar a frequ\u00eancia de pessoas idosas em vulnerabilidade residentes no estado de Alagoas.\u00a0O projeto teve a colabora\u00e7\u00e3o de alunos do Programa de P\u00f3s-Gradua\u00e7\u00e3o em Nutri\u00e7\u00e3o (PPGNUT), professores e graduandos dos cursos da \u00e1rea da sa\u00fade da Universidade Federal de Alagoas (UFAL), como Educa\u00e7\u00e3o F\u00edsica, Enfermagem, Medicina, Psicologia e Nutri\u00e7\u00e3o.\u00a0A coleta dos dados foi realizada entre julho de 2022 e mar\u00e7o de 2023 por meio de visitas domiciliares. Ao todo foram coletadas 1089 pessoas idosas, na capital Macei\u00f3 e em 10 munic\u00edpios: Flexeiras, Uni\u00e3o dos Palmares, Pariconha, Santana do Ipanema, S\u00e3o Miguel dos Campos, P\u00e3o de A\u00e7\u00facar, Pilar, S\u00e3o Sebasti\u00e3o, Campo Alegre e Arapiraca.<\/p>\n\n\n\n<p><\/p>\n<\/div>\n<\/div>\n\n\n\n<div class=\"wp-block-columns is-layout-flex wp-container-core-columns-is-layout-28f84493 wp-block-columns-is-layout-flex\">\n<div class=\"wp-block-column is-layout-flow wp-block-column-is-layout-flow\" style=\"flex-basis:33.33%\">\n<figure class=\"wp-block-image size-full is-resized\"><img loading=\"lazy\" decoding=\"async\" width=\"486\" height=\"860\" src=\"https:\/\/iefe.ufal.br\/laboratorio\/lapebios\/wp-content\/uploads\/WhatsApp-Image-2024-10-12-at-16.32.58.jpeg\" alt=\"\" class=\"wp-image-280\" style=\"width:273px;height:auto\" srcset=\"https:\/\/iefe.ufal.br\/laboratorio\/lapebios\/wp-content\/uploads\/WhatsApp-Image-2024-10-12-at-16.32.58.jpeg 486w, https:\/\/iefe.ufal.br\/laboratorio\/lapebios\/wp-content\/uploads\/WhatsApp-Image-2024-10-12-at-16.32.58-170x300.jpeg 170w\" sizes=\"auto, (max-width: 486px) 100vw, 486px\" \/><\/figure>\n<\/div>\n\n\n\n<div class=\"wp-block-column is-layout-flow wp-block-column-is-layout-flow\" style=\"flex-basis:66.66%\">\n<h2 class=\"wp-block-heading\">Sa\u00fade positiva do adolescente alagoano: Monitoramento do estilo de vida, aptid\u00e3o f\u00edsica e risco cardiometab\u00f3lico.<\/h2>\n\n\n\n<p>Levando em conta que a infec\u00e7\u00e3o pelo HIV e os efeitos colaterais da Terapia Antirretroviral Combinada (TARV) aumentam o risco cardiometab\u00f3lico em pessoas vivendo com HIV, o estudo &#8220;Sa\u00fade PositHIVa do Adolescente Alagoano&#8221; teve como objetivo monitorar prospectivamente o estilo de vida e a aptid\u00e3o f\u00edsica, al\u00e9m de testar associa\u00e7\u00f5es com o risco cardiometab\u00f3lico de adolescentes que vivem com HIV, que s\u00e3o tratados no ambulat\u00f3rio de infectologia pedi\u00e1trica de refer\u00eancia no estado&nbsp;de&nbsp;Alagoas.<\/p>\n\n\n\n<p>Para mais informa\u00e7\u00f5es, visite a <a href=\"https:\/\/iefe.ufal.br\/laboratorio\/lapebios\/saude-positiva-do-adolescente-alagoano-monitoramento-do-estilo-de-vida-aptidao-fisica-e-risco-cardiometabolico\/?preview_id=281&amp;preview_nonce=21f2219b97&amp;preview=true\" title=\"\">p\u00e1gina do projeto<\/a>.<\/p>\n<\/div>\n<\/div>\n\n\n\n<div class=\"wp-block-columns is-layout-flex wp-container-core-columns-is-layout-28f84493 wp-block-columns-is-layout-flex\">\n<div class=\"wp-block-column is-layout-flow wp-block-column-is-layout-flow\" style=\"flex-basis:33.33%\">\n<figure class=\"wp-block-image size-full is-resized\"><img loading=\"lazy\" decoding=\"async\" width=\"490\" height=\"843\" src=\"https:\/\/iefe.ufal.br\/laboratorio\/lapebios\/wp-content\/uploads\/exergames.jpeg\" alt=\"\" class=\"wp-image-261\" style=\"width:274px;height:auto\" srcset=\"https:\/\/iefe.ufal.br\/laboratorio\/lapebios\/wp-content\/uploads\/exergames.jpeg 490w, https:\/\/iefe.ufal.br\/laboratorio\/lapebios\/wp-content\/uploads\/exergames-174x300.jpeg 174w\" sizes=\"auto, (max-width: 490px) 100vw, 490px\" \/><\/figure>\n<\/div>\n\n\n\n<div class=\"wp-block-column is-layout-flow wp-block-column-is-layout-flow\" style=\"flex-basis:66.66%\">\n<h2 class=\"wp-block-heading\">Estudo &#8220;Exergames&#8221;<\/h2>\n\n\n\n<p><br>O estudo com exergames teve por objetivo analisar os efeitos de dois tipos de jogos digitais (Just Dance e Fruit Ninja) com em adolescentes, investigando indicadores fisiol\u00f3gicos e psicol\u00f3gicos como frequ\u00eancia card\u00edaca, press\u00e3o arterial e respostas emocionais. Tamb\u00e9m est\u00e1 sendo analisado o impacto do uso de m\u00e1scara durante os exerc\u00edcios com exergames. A pesquisa realizada em um ambiente controlado, envolvendo adolescentes entre 10 e 19 anos, sem problemas de sa\u00fade que impediam a pr\u00e1tica de atividade f\u00edsica. Para isso, foi desenvolvido um protocolo espec\u00edfico de exerc\u00edcios por meio dos exergames realizados durante 40 minutos.<\/p>\n<\/div>\n<\/div>\n\n\n\n<div class=\"wp-block-columns is-layout-flex wp-container-core-columns-is-layout-28f84493 wp-block-columns-is-layout-flex\">\n<div class=\"wp-block-column is-layout-flow wp-block-column-is-layout-flow\" style=\"flex-basis:33.33%\">\n<figure class=\"wp-block-image size-full is-resized\"><img loading=\"lazy\" decoding=\"async\" width=\"347\" height=\"520\" src=\"https:\/\/iefe.ufal.br\/laboratorio\/lapebios\/wp-content\/uploads\/image-3-edited.png\" alt=\"\" class=\"wp-image-254\" style=\"width:273px;height:auto\" srcset=\"https:\/\/iefe.ufal.br\/laboratorio\/lapebios\/wp-content\/uploads\/image-3-edited.png 347w, https:\/\/iefe.ufal.br\/laboratorio\/lapebios\/wp-content\/uploads\/image-3-edited-200x300.png 200w\" sizes=\"auto, (max-width: 347px) 100vw, 347px\" \/><\/figure>\n<\/div>\n\n\n\n<div class=\"wp-block-column is-layout-flow wp-block-column-is-layout-flow\" style=\"flex-basis:66.66%\">\n<h2 class=\"wp-block-heading\">An\u00e1lise de sa\u00fade de agentes penitenci\u00e1rios do estado de Alagoas.<\/h2>\n\n\n\n<p>Este estudo investigou a associa\u00e7\u00e3o entre a pr\u00e1tica de atividade f\u00edsica, comportamento sedent\u00e1rio e os n\u00edveis de estresse, ansiedade, esgotamento e qualidade do sono entre policiais penais de Macei\u00f3. Apesar da maioria dos policiais serem classificados como ativos, notou-se um comportamento sedent\u00e1rio elevado. N\u00e3o foi encontrada associa\u00e7\u00e3o entre a pr\u00e1tica de atividade f\u00edsica e a redu\u00e7\u00e3o da S\u00edndrome de Burnout ou ansiedade. Fatores como estado civil e idade mostraram-se relevantes para a predisposi\u00e7\u00e3o ao Burnout, enquanto estado civil e carga hor\u00e1ria de trabalho estiveram associados a n\u00edveis mais elevados de ansiedade, sugerindo a necessidade de interven\u00e7\u00f5es que considerem aspectos al\u00e9m da atividade f\u00edsica.<\/p>\n<\/div>\n<\/div>\n\n\n\n<p><\/p>\n","protected":false},"excerpt":{"rendered":"<p>Nessa p\u00e1gina organizamos todos os projetos de pesquisa desenvolvidas por nosso grupo, est\u00e3o calissificadas em &#8220;Em andamento&#8221; ou em &#8220;Conclu\u00eddas&#8221;, a expectativa \u00e9 que elas originem artigos cient\u00edficos e trabalhos acad\u00eamicos, e enfim influenciem a elabora\u00e7\u00e3o de pol\u00edticas p\u00fablicas que beneficiem as popula\u00e7\u00f5es estudadas. Em Andamento Estudo &#8220;\u00c9 MASSA!!&#8221; O estudo tem por objetivo validar [&hellip;]<\/p>\n","protected":false},"author":1,"featured_media":0,"parent":0,"menu_order":0,"comment_status":"closed","ping_status":"closed","template":"","meta":{"om_disable_all_campaigns":false,"_monsterinsights_skip_tracking":false,"_monsterinsights_sitenote_active":false,"_monsterinsights_sitenote_note":"","_monsterinsights_sitenote_category":0,"footnotes":""},"class_list":["post-27","page","type-page","status-publish","hentry"],"aioseo_notices":[],"_links":{"self":[{"href":"https:\/\/iefe.ufal.br\/laboratorio\/lapebios\/wp-json\/wp\/v2\/pages\/27","targetHints":{"allow":["GET"]}}],"collection":[{"href":"https:\/\/iefe.ufal.br\/laboratorio\/lapebios\/wp-json\/wp\/v2\/pages"}],"about":[{"href":"https:\/\/iefe.ufal.br\/laboratorio\/lapebios\/wp-json\/wp\/v2\/types\/page"}],"author":[{"embeddable":true,"href":"https:\/\/iefe.ufal.br\/laboratorio\/lapebios\/wp-json\/wp\/v2\/users\/1"}],"replies":[{"embeddable":true,"href":"https:\/\/iefe.ufal.br\/laboratorio\/lapebios\/wp-json\/wp\/v2\/comments?post=27"}],"version-history":[{"count":24,"href":"https:\/\/iefe.ufal.br\/laboratorio\/lapebios\/wp-json\/wp\/v2\/pages\/27\/revisions"}],"predecessor-version":[{"id":300,"href":"https:\/\/iefe.ufal.br\/laboratorio\/lapebios\/wp-json\/wp\/v2\/pages\/27\/revisions\/300"}],"wp:attachment":[{"href":"https:\/\/iefe.ufal.br\/laboratorio\/lapebios\/wp-json\/wp\/v2\/media?parent=27"}],"curies":[{"name":"wp","href":"https:\/\/api.w.org\/{rel}","templated":true}]}}