{"id":335,"date":"2026-04-09T17:22:33","date_gmt":"2026-04-09T20:22:33","guid":{"rendered":"https:\/\/iefe.ufal.br\/laboratorio\/lapebios\/?page_id=335"},"modified":"2026-04-09T17:23:28","modified_gmt":"2026-04-09T20:23:28","slug":"estudo-hiv-but-fit","status":"publish","type":"page","link":"https:\/\/iefe.ufal.br\/laboratorio\/lapebios\/pesquisa\/estudo-hiv-but-fit\/","title":{"rendered":"Estudo HIV+ But FIT"},"content":{"rendered":"\n<p>O projeto <strong>&#8220;HIV+ BUT FIT&#8221;<\/strong> tem como objetivo investigar a rela\u00e7\u00e3o entre a atividade f\u00edsica e o risco cardiovascular (RCV) em pessoas vivendo com HIV (PVHIV), com \u00eanfase no papel de mediadores e moderadores dessa associa\u00e7\u00e3o, como a aptid\u00e3o aer\u00f3bica e muscular. A terapia antirretroviral (TARV) reduziu significativamente a mortalidade e aumentou a longevidade das PVHIV. No entanto, essa popula\u00e7\u00e3o ainda apresenta risco elevado para o desenvolvimento de doen\u00e7as cr\u00f4nicas, especialmente cardiovasculares, em decorr\u00eancia de fatores como inflama\u00e7\u00e3o cr\u00f4nica, ativa\u00e7\u00e3o imune persistente e efeitos adversos da TARV sobre o metabolismo de lip\u00eddios e glicose. Nesse contexto, a pr\u00e1tica de atividade f\u00edsica moderada a vigorosa (AFMV) \u00e9 amplamente reconhecida por melhorar o perfil metab\u00f3lico, reduzir marcadores inflamat\u00f3rios e promover a aptid\u00e3o f\u00edsica, aspectos fundamentais para a mitiga\u00e7\u00e3o do RCV.<\/p>\n\n\n\n<p>O estudo possui delineamento transversal, aninhado a uma coorte, e foi conduzido em Macei\u00f3-AL, com uma amostra representativa de aproximadamente 500 PVHIV em acompanhamento em tr\u00eas servi\u00e7os de sa\u00fade da regi\u00e3o. Os participantes foram avaliados em m\u00faltiplas dimens\u00f5es, incluindo a pr\u00e1tica de atividade f\u00edsica (por meio de acelerometria e question\u00e1rios), composi\u00e7\u00e3o corporal (gordura e massa muscular), aptid\u00e3o aer\u00f3bica e neuromuscular, al\u00e9m de perfis lip\u00eddico, glic\u00eamico, inflamat\u00f3rio e cardiovascular. Adicionalmente, foram realizadas avalia\u00e7\u00f5es por <strong>ultrassonografia cardiovascular<\/strong>, permitindo a an\u00e1lise de marcadores subcl\u00ednicos de aterosclerose, como a espessura m\u00e9dio-intimal carot\u00eddea e a presen\u00e7a de placas, ampliando a sensibilidade na detec\u00e7\u00e3o precoce do risco cardiovascular.<\/p>\n\n\n\n<p>A etapa de coleta de dados com os participantes foi finalizada, e o estudo encontra-se atualmente na fase de obten\u00e7\u00e3o de vari\u00e1veis adicionais (processamento de al\u00edquotas e extra\u00e7\u00e3o de dados de prontu\u00e1rios) e an\u00e1lise dos dados. Ser\u00e3o utilizados escores preditivos de RCV, como o Escore de Risco de Framingham (ERF) e o modelo D:A:D, amplamente empregados nessa popula\u00e7\u00e3o.<\/p>\n\n\n\n<p>O diferencial do projeto reside na investiga\u00e7\u00e3o n\u00e3o apenas dos efeitos diretos da atividade f\u00edsica sobre o RCV, mas tamb\u00e9m dos mecanismos pelos quais essa rela\u00e7\u00e3o ocorre, considerando a media\u00e7\u00e3o por fatores como a aptid\u00e3o f\u00edsica e a modula\u00e7\u00e3o por condi\u00e7\u00f5es cl\u00ednicas, incluindo uso de TARV, carga viral e contagem de linf\u00f3citos T CD4+. Dessa forma, o estudo busca identificar caminhos diretos e indiretos pelos quais a atividade f\u00edsica pode reduzir o RCV em PVHIV, contribuindo para o desenvolvimento de estrat\u00e9gias de interven\u00e7\u00e3o mais eficazes. Al\u00e9m disso, permitir\u00e1 uma compreens\u00e3o mais aprofundada dos fatores sociodemogr\u00e1ficos e comportamentais associados ao RCV nessa popula\u00e7\u00e3o.<\/p>\n\n\n\n<figure class=\"wp-block-gallery has-nested-images columns-default is-cropped wp-block-gallery-1 is-layout-flex wp-block-gallery-is-layout-flex\">\n\n\n<figure class=\"wp-block-image size-large\"><img loading=\"lazy\" decoding=\"async\" width=\"969\" height=\"726\" data-id=\"340\" src=\"https:\/\/iefe.ufal.br\/laboratorio\/lapebios\/wp-content\/uploads\/Captura-de-tela-de-2026-04-08-19-59-36.png\" alt=\"\" class=\"wp-image-340\" srcset=\"https:\/\/iefe.ufal.br\/laboratorio\/lapebios\/wp-content\/uploads\/Captura-de-tela-de-2026-04-08-19-59-36.png 969w, https:\/\/iefe.ufal.br\/laboratorio\/lapebios\/wp-content\/uploads\/Captura-de-tela-de-2026-04-08-19-59-36-300x225.png 300w, https:\/\/iefe.ufal.br\/laboratorio\/lapebios\/wp-content\/uploads\/Captura-de-tela-de-2026-04-08-19-59-36-768x575.png 768w\" sizes=\"auto, (max-width: 969px) 100vw, 969px\" \/><\/figure>\n\n\n\n<figure class=\"wp-block-image size-large\"><img loading=\"lazy\" decoding=\"async\" width=\"969\" height=\"726\" data-id=\"338\" src=\"https:\/\/iefe.ufal.br\/laboratorio\/lapebios\/wp-content\/uploads\/Captura-de-tela-de-2026-04-08-20-00-11.png\" alt=\"\" class=\"wp-image-338\" srcset=\"https:\/\/iefe.ufal.br\/laboratorio\/lapebios\/wp-content\/uploads\/Captura-de-tela-de-2026-04-08-20-00-11.png 969w, https:\/\/iefe.ufal.br\/laboratorio\/lapebios\/wp-content\/uploads\/Captura-de-tela-de-2026-04-08-20-00-11-300x225.png 300w, https:\/\/iefe.ufal.br\/laboratorio\/lapebios\/wp-content\/uploads\/Captura-de-tela-de-2026-04-08-20-00-11-768x575.png 768w\" sizes=\"auto, (max-width: 969px) 100vw, 969px\" \/><\/figure>\n\n\n\n<figure class=\"wp-block-image size-large\"><img loading=\"lazy\" decoding=\"async\" width=\"969\" height=\"726\" data-id=\"337\" src=\"https:\/\/iefe.ufal.br\/laboratorio\/lapebios\/wp-content\/uploads\/Captura-de-tela-de-2026-04-08-20-00-20.png\" alt=\"\" class=\"wp-image-337\" srcset=\"https:\/\/iefe.ufal.br\/laboratorio\/lapebios\/wp-content\/uploads\/Captura-de-tela-de-2026-04-08-20-00-20.png 969w, https:\/\/iefe.ufal.br\/laboratorio\/lapebios\/wp-content\/uploads\/Captura-de-tela-de-2026-04-08-20-00-20-300x225.png 300w, https:\/\/iefe.ufal.br\/laboratorio\/lapebios\/wp-content\/uploads\/Captura-de-tela-de-2026-04-08-20-00-20-768x575.png 768w\" sizes=\"auto, (max-width: 969px) 100vw, 969px\" \/><\/figure>\n\n\n\n<figure class=\"wp-block-image size-large\"><img loading=\"lazy\" decoding=\"async\" width=\"409\" height=\"726\" data-id=\"341\" src=\"https:\/\/iefe.ufal.br\/laboratorio\/lapebios\/wp-content\/uploads\/Captura-de-tela-de-2026-04-08-20-00-38.png\" alt=\"\" class=\"wp-image-341\" srcset=\"https:\/\/iefe.ufal.br\/laboratorio\/lapebios\/wp-content\/uploads\/Captura-de-tela-de-2026-04-08-20-00-38.png 409w, https:\/\/iefe.ufal.br\/laboratorio\/lapebios\/wp-content\/uploads\/Captura-de-tela-de-2026-04-08-20-00-38-169x300.png 169w\" sizes=\"auto, (max-width: 409px) 100vw, 409px\" \/><\/figure>\n\n\n\n<figure class=\"wp-block-image size-large\"><img loading=\"lazy\" decoding=\"async\" width=\"409\" height=\"726\" data-id=\"339\" src=\"https:\/\/iefe.ufal.br\/laboratorio\/lapebios\/wp-content\/uploads\/Captura-de-tela-de-2026-04-08-20-00-56.png\" alt=\"\" class=\"wp-image-339\" srcset=\"https:\/\/iefe.ufal.br\/laboratorio\/lapebios\/wp-content\/uploads\/Captura-de-tela-de-2026-04-08-20-00-56.png 409w, https:\/\/iefe.ufal.br\/laboratorio\/lapebios\/wp-content\/uploads\/Captura-de-tela-de-2026-04-08-20-00-56-169x300.png 169w\" sizes=\"auto, (max-width: 409px) 100vw, 409px\" \/><\/figure>\n<\/figure>\n","protected":false},"excerpt":{"rendered":"<p>O projeto &#8220;HIV+ BUT FIT&#8221; tem como objetivo investigar a rela\u00e7\u00e3o entre a atividade f\u00edsica e o risco cardiovascular (RCV) em pessoas vivendo com HIV (PVHIV), com \u00eanfase no papel de mediadores e moderadores dessa associa\u00e7\u00e3o, como a aptid\u00e3o aer\u00f3bica e muscular. A terapia antirretroviral (TARV) reduziu significativamente a mortalidade e aumentou a longevidade das [&hellip;]<\/p>\n","protected":false},"author":1,"featured_media":0,"parent":27,"menu_order":0,"comment_status":"closed","ping_status":"closed","template":"","meta":{"om_disable_all_campaigns":false,"_monsterinsights_skip_tracking":false,"_monsterinsights_sitenote_active":false,"_monsterinsights_sitenote_note":"","_monsterinsights_sitenote_category":0,"footnotes":""},"class_list":["post-335","page","type-page","status-publish","hentry"],"aioseo_notices":[],"_links":{"self":[{"href":"https:\/\/iefe.ufal.br\/laboratorio\/lapebios\/wp-json\/wp\/v2\/pages\/335","targetHints":{"allow":["GET"]}}],"collection":[{"href":"https:\/\/iefe.ufal.br\/laboratorio\/lapebios\/wp-json\/wp\/v2\/pages"}],"about":[{"href":"https:\/\/iefe.ufal.br\/laboratorio\/lapebios\/wp-json\/wp\/v2\/types\/page"}],"author":[{"embeddable":true,"href":"https:\/\/iefe.ufal.br\/laboratorio\/lapebios\/wp-json\/wp\/v2\/users\/1"}],"replies":[{"embeddable":true,"href":"https:\/\/iefe.ufal.br\/laboratorio\/lapebios\/wp-json\/wp\/v2\/comments?post=335"}],"version-history":[{"count":2,"href":"https:\/\/iefe.ufal.br\/laboratorio\/lapebios\/wp-json\/wp\/v2\/pages\/335\/revisions"}],"predecessor-version":[{"id":345,"href":"https:\/\/iefe.ufal.br\/laboratorio\/lapebios\/wp-json\/wp\/v2\/pages\/335\/revisions\/345"}],"up":[{"embeddable":true,"href":"https:\/\/iefe.ufal.br\/laboratorio\/lapebios\/wp-json\/wp\/v2\/pages\/27"}],"wp:attachment":[{"href":"https:\/\/iefe.ufal.br\/laboratorio\/lapebios\/wp-json\/wp\/v2\/media?parent=335"}],"curies":[{"name":"wp","href":"https:\/\/api.w.org\/{rel}","templated":true}]}}